{"id":533,"date":"2025-06-15T09:58:51","date_gmt":"2025-06-15T09:58:51","guid":{"rendered":"https:\/\/conectagrao.com.br\/blog\/?page_id=533"},"modified":"2025-06-17T09:39:47","modified_gmt":"2025-06-17T09:39:47","slug":"sobre-nos","status":"publish","type":"page","link":"https:\/\/conectagrao.com.br\/blog\/sobre-nos\/","title":{"rendered":"Sobre n\u00f3s"},"content":{"rendered":"\n<p>A ConectaGr\u00e3o \u00e9 uma plataforma digital criada para conectar produtores rurais, corretores e empresas ao que h\u00e1 de mais relevante no mercado de gr\u00e3os e commodities agr\u00edcolas. Nosso prop\u00f3sito \u00e9 oferecer informa\u00e7\u00f5es atualizadas sobre o agroneg\u00f3cio, com foco em an\u00e1lise de mercado, tend\u00eancias de pre\u00e7os, cota\u00e7\u00f5es, clima e tudo que impacta diretamente a comercializa\u00e7\u00e3o de gr\u00e3os no Brasil.<\/p>\n\n\n\n<p>Atrav\u00e9s do nosso blog, entregamos conte\u00fados especializados sobre tecnologia agr\u00edcola, m\u00e1quinas, agrometeorologia, controle de pragas, fertilizantes e gest\u00e3o rural. Cada artigo \u00e9 pensado para ajudar quem est\u00e1 no campo ou no mercado a tomar decis\u00f5es mais estrat\u00e9gicas, aumentando a produtividade e garantindo melhores resultados na compra e venda de commodities agr\u00edcolas.<\/p>\n\n\n\n<p>Nosso compromisso \u00e9 gerar valor, conhecimento e inova\u00e7\u00e3o para o agro. A ConectaGr\u00e3o existe para quem acredita que informa\u00e7\u00e3o de qualidade \u00e9 essencial na gest\u00e3o da propriedade, no planejamento da safra e na comercializa\u00e7\u00e3o de gr\u00e3os com mais seguran\u00e7a e rentabilidade. ConectaGr\u00e3o: conectando o futuro com o agroneg\u00f3cio.<\/p>\n","protected":false},"excerpt":{"rendered":"<p>A ConectaGr\u00e3o \u00e9 uma plataforma digital criada para conectar produtores rurais, corretores e empresas ao que h\u00e1 de mais relevante no mercado de gr\u00e3os e commodities agr\u00edcolas. Nosso prop\u00f3sito \u00e9 oferecer informa\u00e7\u00f5es atualizadas sobre o agroneg\u00f3cio, com foco em an\u00e1lise de mercado, tend\u00eancias de pre\u00e7os, cota\u00e7\u00f5es, clima e tudo que impacta diretamente a comercializa\u00e7\u00e3o de [&hellip;]<\/p>\n","protected":false},"author":1,"featured_media":0,"parent":0,"menu_order":0,"comment_status":"closed","ping_status":"closed","template":"","meta":{"_coblocks_attr":"","_coblocks_dimensions":"","_coblocks_responsive_height":"","_coblocks_accordion_ie_support":"","_uag_custom_page_level_css":"","footnotes":""},"class_list":["post-533","page","type-page","status-publish","hentry"],"yoast_head":"<!-- This site is optimized with the Yoast SEO plugin v27.4 - https:\/\/yoast.com\/product\/yoast-seo-wordpress\/ -->\n<title>Sobre n\u00f3s - ConectaGr\u00e3o<\/title>\n<meta name=\"robots\" content=\"index, follow, max-snippet:-1, max-image-preview:large, max-video-preview:-1\" \/>\n<link rel=\"canonical\" href=\"https:\/\/conectagrao.com.br\/blog\/sobre-nos\/\" \/>\n<meta property=\"og:locale\" content=\"pt_BR\" \/>\n<meta property=\"og:type\" content=\"article\" \/>\n<meta property=\"og:title\" content=\"Sobre n\u00f3s - ConectaGr\u00e3o\" \/>\n<meta property=\"og:description\" content=\"A ConectaGr\u00e3o \u00e9 uma plataforma digital criada para conectar produtores rurais, corretores e empresas ao que h\u00e1 de mais relevante no mercado de gr\u00e3os e commodities agr\u00edcolas. Nosso prop\u00f3sito \u00e9 oferecer informa\u00e7\u00f5es atualizadas sobre o agroneg\u00f3cio, com foco em an\u00e1lise de mercado, tend\u00eancias de pre\u00e7os, cota\u00e7\u00f5es, clima e tudo que impacta diretamente a comercializa\u00e7\u00e3o de [&hellip;]\" \/>\n<meta property=\"og:url\" content=\"https:\/\/conectagrao.com.br\/blog\/sobre-nos\/\" \/>\n<meta property=\"og:site_name\" content=\"ConectaGr\u00e3o\" \/>\n<meta property=\"article:publisher\" content=\"https:\/\/www.facebook.com\/conectagrao\/\" \/>\n<meta property=\"article:modified_time\" content=\"2025-06-17T09:39:47+00:00\" \/>\n<meta property=\"og:image\" content=\"https:\/\/conectagrao.com.br\/blog\/wp-content\/uploads\/2025\/06\/Capa-para-Facebook-minimalista-marketing-estrategico-roxo-branco-azul.png\" \/>\n\t<meta property=\"og:image:width\" content=\"1640\" \/>\n\t<meta property=\"og:image:height\" content=\"924\" \/>\n\t<meta property=\"og:image:type\" content=\"image\/png\" \/>\n<meta name=\"twitter:card\" content=\"summary_large_image\" \/>\n<meta name=\"twitter:label1\" content=\"Est. tempo de leitura\" \/>\n\t<meta name=\"twitter:data1\" content=\"1 minuto\" \/>\n<script type=\"application\/ld+json\" class=\"yoast-schema-graph\">{\"@context\":\"https:\\\/\\\/schema.org\",\"@graph\":[{\"@type\":\"WebPage\",\"@id\":\"https:\\\/\\\/conectagrao.com.br\\\/blog\\\/sobre-nos\\\/\",\"url\":\"https:\\\/\\\/conectagrao.com.br\\\/blog\\\/sobre-nos\\\/\",\"name\":\"Sobre n\u00f3s - ConectaGr\u00e3o\",\"isPartOf\":{\"@id\":\"https:\\\/\\\/conectagrao.com.br\\\/blog\\\/#website\"},\"datePublished\":\"2025-06-15T09:58:51+00:00\",\"dateModified\":\"2025-06-17T09:39:47+00:00\",\"breadcrumb\":{\"@id\":\"https:\\\/\\\/conectagrao.com.br\\\/blog\\\/sobre-nos\\\/#breadcrumb\"},\"inLanguage\":\"pt-BR\",\"potentialAction\":[{\"@type\":\"ReadAction\",\"target\":[\"https:\\\/\\\/conectagrao.com.br\\\/blog\\\/sobre-nos\\\/\"]}]},{\"@type\":\"BreadcrumbList\",\"@id\":\"https:\\\/\\\/conectagrao.com.br\\\/blog\\\/sobre-nos\\\/#breadcrumb\",\"itemListElement\":[{\"@type\":\"ListItem\",\"position\":1,\"name\":\"In\u00edcio\",\"item\":\"https:\\\/\\\/conectagrao.com.br\\\/blog\\\/\"},{\"@type\":\"ListItem\",\"position\":2,\"name\":\"Sobre n\u00f3s\"}]},{\"@type\":\"WebSite\",\"@id\":\"https:\\\/\\\/conectagrao.com.br\\\/blog\\\/#website\",\"url\":\"https:\\\/\\\/conectagrao.com.br\\\/blog\\\/\",\"name\":\"ConectaGr\u00e3o\",\"description\":\"Conectando o futuro com o agroneg\u00f3cio.\",\"publisher\":{\"@id\":\"https:\\\/\\\/conectagrao.com.br\\\/blog\\\/#organization\"},\"alternateName\":\"conectagrao\",\"potentialAction\":[{\"@type\":\"SearchAction\",\"target\":{\"@type\":\"EntryPoint\",\"urlTemplate\":\"https:\\\/\\\/conectagrao.com.br\\\/blog\\\/?s={search_term_string}\"},\"query-input\":{\"@type\":\"PropertyValueSpecification\",\"valueRequired\":true,\"valueName\":\"search_term_string\"}}],\"inLanguage\":\"pt-BR\"},{\"@type\":\"Organization\",\"@id\":\"https:\\\/\\\/conectagrao.com.br\\\/blog\\\/#organization\",\"name\":\"ConectaGr\u00e3o\",\"alternateName\":\"conectagrao\",\"url\":\"https:\\\/\\\/conectagrao.com.br\\\/blog\\\/\",\"logo\":{\"@type\":\"ImageObject\",\"inLanguage\":\"pt-BR\",\"@id\":\"https:\\\/\\\/conectagrao.com.br\\\/blog\\\/#\\\/schema\\\/logo\\\/image\\\/\",\"url\":\"https:\\\/\\\/conectagrao.com.br\\\/blog\\\/wp-content\\\/uploads\\\/2025\\\/07\\\/ConectaGrao-6.png\",\"contentUrl\":\"https:\\\/\\\/conectagrao.com.br\\\/blog\\\/wp-content\\\/uploads\\\/2025\\\/07\\\/ConectaGrao-6.png\",\"width\":447,\"height\":559,\"caption\":\"ConectaGr\u00e3o\"},\"image\":{\"@id\":\"https:\\\/\\\/conectagrao.com.br\\\/blog\\\/#\\\/schema\\\/logo\\\/image\\\/\"},\"sameAs\":[\"https:\\\/\\\/www.facebook.com\\\/conectagrao\\\/\",\"https:\\\/\\\/www.tiktok.com\\\/@conectagrao?_t=ZM-8xPuS2d6MFB&_r=1\",\"https:\\\/\\\/www.threads.com\\\/@conectagrao\",\"https:\\\/\\\/www.youtube.com\\\/@conectagrao\",\"https:\\\/\\\/www.instagram.com\\\/conectagrao\"]}]}<\/script>\n<!-- \/ Yoast SEO plugin. -->","yoast_head_json":{"title":"Sobre n\u00f3s - ConectaGr\u00e3o","robots":{"index":"index","follow":"follow","max-snippet":"max-snippet:-1","max-image-preview":"max-image-preview:large","max-video-preview":"max-video-preview:-1"},"canonical":"https:\/\/conectagrao.com.br\/blog\/sobre-nos\/","og_locale":"pt_BR","og_type":"article","og_title":"Sobre n\u00f3s - ConectaGr\u00e3o","og_description":"A ConectaGr\u00e3o \u00e9 uma plataforma digital criada para conectar produtores rurais, corretores e empresas ao que h\u00e1 de mais relevante no mercado de gr\u00e3os e commodities agr\u00edcolas. Nosso prop\u00f3sito \u00e9 oferecer informa\u00e7\u00f5es atualizadas sobre o agroneg\u00f3cio, com foco em an\u00e1lise de mercado, tend\u00eancias de pre\u00e7os, cota\u00e7\u00f5es, clima e tudo que impacta diretamente a comercializa\u00e7\u00e3o de [&hellip;]","og_url":"https:\/\/conectagrao.com.br\/blog\/sobre-nos\/","og_site_name":"ConectaGr\u00e3o","article_publisher":"https:\/\/www.facebook.com\/conectagrao\/","article_modified_time":"2025-06-17T09:39:47+00:00","og_image":[{"width":1640,"height":924,"url":"https:\/\/conectagrao.com.br\/blog\/wp-content\/uploads\/2025\/06\/Capa-para-Facebook-minimalista-marketing-estrategico-roxo-branco-azul.png","type":"image\/png"}],"twitter_card":"summary_large_image","twitter_misc":{"Est. tempo de leitura":"1 minuto"},"schema":{"@context":"https:\/\/schema.org","@graph":[{"@type":"WebPage","@id":"https:\/\/conectagrao.com.br\/blog\/sobre-nos\/","url":"https:\/\/conectagrao.com.br\/blog\/sobre-nos\/","name":"Sobre n\u00f3s - ConectaGr\u00e3o","isPartOf":{"@id":"https:\/\/conectagrao.com.br\/blog\/#website"},"datePublished":"2025-06-15T09:58:51+00:00","dateModified":"2025-06-17T09:39:47+00:00","breadcrumb":{"@id":"https:\/\/conectagrao.com.br\/blog\/sobre-nos\/#breadcrumb"},"inLanguage":"pt-BR","potentialAction":[{"@type":"ReadAction","target":["https:\/\/conectagrao.com.br\/blog\/sobre-nos\/"]}]},{"@type":"BreadcrumbList","@id":"https:\/\/conectagrao.com.br\/blog\/sobre-nos\/#breadcrumb","itemListElement":[{"@type":"ListItem","position":1,"name":"In\u00edcio","item":"https:\/\/conectagrao.com.br\/blog\/"},{"@type":"ListItem","position":2,"name":"Sobre n\u00f3s"}]},{"@type":"WebSite","@id":"https:\/\/conectagrao.com.br\/blog\/#website","url":"https:\/\/conectagrao.com.br\/blog\/","name":"ConectaGr\u00e3o","description":"Conectando o futuro com o agroneg\u00f3cio.","publisher":{"@id":"https:\/\/conectagrao.com.br\/blog\/#organization"},"alternateName":"conectagrao","potentialAction":[{"@type":"SearchAction","target":{"@type":"EntryPoint","urlTemplate":"https:\/\/conectagrao.com.br\/blog\/?s={search_term_string}"},"query-input":{"@type":"PropertyValueSpecification","valueRequired":true,"valueName":"search_term_string"}}],"inLanguage":"pt-BR"},{"@type":"Organization","@id":"https:\/\/conectagrao.com.br\/blog\/#organization","name":"ConectaGr\u00e3o","alternateName":"conectagrao","url":"https:\/\/conectagrao.com.br\/blog\/","logo":{"@type":"ImageObject","inLanguage":"pt-BR","@id":"https:\/\/conectagrao.com.br\/blog\/#\/schema\/logo\/image\/","url":"https:\/\/conectagrao.com.br\/blog\/wp-content\/uploads\/2025\/07\/ConectaGrao-6.png","contentUrl":"https:\/\/conectagrao.com.br\/blog\/wp-content\/uploads\/2025\/07\/ConectaGrao-6.png","width":447,"height":559,"caption":"ConectaGr\u00e3o"},"image":{"@id":"https:\/\/conectagrao.com.br\/blog\/#\/schema\/logo\/image\/"},"sameAs":["https:\/\/www.facebook.com\/conectagrao\/","https:\/\/www.tiktok.com\/@conectagrao?_t=ZM-8xPuS2d6MFB&_r=1","https:\/\/www.threads.com\/@conectagrao","https:\/\/www.youtube.com\/@conectagrao","https:\/\/www.instagram.com\/conectagrao"]}]}},"uagb_featured_image_src":{"full":false,"thumbnail":false,"medium":false,"medium_large":false,"large":false,"1536x1536":false,"2048x2048":false,"cvmm-medium":false,"cvmm-medium-plus":false,"cvmm-portrait":false,"cvmm-medium-square":false,"cvmm-large":false,"cvmm-small":false,"news-portal-block-medium":false,"news-portal-block-thumb":false,"news-portal-slider-medium":false,"news-portal-carousel-portrait":false,"news-portal-alternate-grid":false,"web-stories-poster-portrait":false,"web-stories-publisher-logo":false,"web-stories-thumbnail":false},"uagb_author_info":{"display_name":"conectagrao","author_link":"https:\/\/conectagrao.com.br\/blog\/author\/conectagrao\/"},"uagb_comment_info":0,"uagb_excerpt":"A ConectaGr\u00e3o \u00e9 uma plataforma digital criada para conectar produtores rurais, corretores e empresas ao que h\u00e1 de mais relevante no mercado de gr\u00e3os e commodities agr\u00edcolas. Nosso prop\u00f3sito \u00e9 oferecer informa\u00e7\u00f5es atualizadas sobre o agroneg\u00f3cio, com foco em an\u00e1lise de mercado, tend\u00eancias de pre\u00e7os, cota\u00e7\u00f5es, clima e tudo que impacta diretamente a comercializa\u00e7\u00e3o de&hellip;","blog_post_layout_featured_media_urls":{"thumbnail":"","full":""},"categories_names":null,"comments_number":"0","wpmagazine_modules_lite_featured_media_urls":{"thumbnail":"","cvmm-medium":"","cvmm-medium-plus":"","cvmm-portrait":"","cvmm-medium-square":"","cvmm-large":"","cvmm-small":"","full":""},"_links":{"self":[{"href":"https:\/\/conectagrao.com.br\/blog\/wp-json\/wp\/v2\/pages\/533","targetHints":{"allow":["GET"]}}],"collection":[{"href":"https:\/\/conectagrao.com.br\/blog\/wp-json\/wp\/v2\/pages"}],"about":[{"href":"https:\/\/conectagrao.com.br\/blog\/wp-json\/wp\/v2\/types\/page"}],"author":[{"embeddable":true,"href":"https:\/\/conectagrao.com.br\/blog\/wp-json\/wp\/v2\/users\/1"}],"replies":[{"embeddable":true,"href":"https:\/\/conectagrao.com.br\/blog\/wp-json\/wp\/v2\/comments?post=533"}],"version-history":[{"count":2,"href":"https:\/\/conectagrao.com.br\/blog\/wp-json\/wp\/v2\/pages\/533\/revisions"}],"predecessor-version":[{"id":591,"href":"https:\/\/conectagrao.com.br\/blog\/wp-json\/wp\/v2\/pages\/533\/revisions\/591"}],"wp:attachment":[{"href":"https:\/\/conectagrao.com.br\/blog\/wp-json\/wp\/v2\/media?parent=533"}],"curies":[{"name":"wp","href":"https:\/\/api.w.org\/{rel}","templated":true}]}}